{"id":246,"date":"2021-08-09T10:06:42","date_gmt":"2021-08-09T10:06:42","guid":{"rendered":"https:\/\/kirche-heilig-geist.de\/?page_id=246"},"modified":"2026-01-19T12:16:31","modified_gmt":"2026-01-19T12:16:31","slug":"aktueller-gemeindebrief","status":"publish","type":"page","link":"https:\/\/kirche-heilig-geist.de\/index.php\/aktueller-gemeindebrief\/","title":{"rendered":"Aktueller Gemeindebrief"},"content":{"rendered":"\n<p>Hier steht der aktuelle Gemeindebrief im PDF Format f\u00fcr Sie bereit.<br>Haben Sie Fragen, wenden Sie sich bitte an das Gemeindeb\u00fcro.<br><br>Bitte Informieren Sie sich \u00fcber die Startseite oder der Gottesdienst \u00dcbersicht \u00fcber m\u00f6gliche \u00c4nderungen bei den Terminen auf unserer Home Page. <br>Danke f\u00fcr Ihr Verst\u00e4ndnis.<\/p>\n\n\n\n<div data-wp-interactive=\"core\/file\" class=\"wp-block-file\"><object data-wp-bind--hidden=\"!state.hasPdfPreview\" hidden class=\"wp-block-file__embed\" data=\"https:\/\/kirche-heilig-geist.de\/wp-content\/uploads\/2026\/01\/GBHGFsee_02bis05_2026.pdf\" type=\"application\/pdf\" style=\"width:100%;height:600px\" aria-label=\"Einbettung von GBHGFsee_02bis05_2026.\"><\/object><a id=\"wp-block-file--media-322d0c5e-b787-4f7e-bb58-2e3b920f1927\" href=\"https:\/\/kirche-heilig-geist.de\/wp-content\/uploads\/2026\/01\/GBHGFsee_02bis05_2026.pdf\">GBHGFsee_02bis05_2026<\/a><a href=\"https:\/\/kirche-heilig-geist.de\/wp-content\/uploads\/2026\/01\/GBHGFsee_02bis05_2026.pdf\" class=\"wp-block-file__button wp-element-button\" download aria-describedby=\"wp-block-file--media-322d0c5e-b787-4f7e-bb58-2e3b920f1927\">Herunterladen<\/a><\/div>\n","protected":false},"excerpt":{"rendered":"<p>Hier steht der aktuelle Gemeindebrief im PDF Format f\u00fcr Sie bereit.Haben Sie Fragen, wenden Sie sich bitte an das Gemeindeb\u00fcro.&hellip;<\/p>\n","protected":false},"author":1,"featured_media":250,"parent":0,"menu_order":0,"comment_status":"closed","ping_status":"closed","template":"","meta":{"footnotes":""},"class_list":["post-246","page","type-page","status-publish","has-post-thumbnail","hentry"],"yoast_head":"<!-- This site is optimized with the Yoast SEO plugin v27.5 - https:\/\/yoast.com\/product\/yoast-seo-wordpress\/ -->\n<title>Aktueller Gemeindebrief - Evangelische Heilig Geist Gemeinde Falkensee<\/title>\n<meta name=\"robots\" content=\"index, follow, max-snippet:-1, max-image-preview:large, max-video-preview:-1\" \/>\n<link rel=\"canonical\" href=\"https:\/\/kirche-heilig-geist.de\/index.php\/aktueller-gemeindebrief\/\" \/>\n<meta property=\"og:locale\" content=\"de_DE\" \/>\n<meta property=\"og:type\" content=\"article\" \/>\n<meta property=\"og:title\" content=\"Aktueller Gemeindebrief - Evangelische Heilig Geist Gemeinde Falkensee\" \/>\n<meta property=\"og:description\" content=\"Hier steht der aktuelle Gemeindebrief im PDF Format f\u00fcr Sie bereit.Haben Sie Fragen, wenden Sie sich bitte an das Gemeindeb\u00fcro.&hellip;\" \/>\n<meta property=\"og:url\" content=\"https:\/\/kirche-heilig-geist.de\/index.php\/aktueller-gemeindebrief\/\" \/>\n<meta property=\"og:site_name\" content=\"Evangelische Heilig Geist Gemeinde Falkensee\" \/>\n<meta property=\"article:modified_time\" content=\"2026-01-19T12:16:31+00:00\" \/>\n<meta property=\"og:image\" content=\"https:\/\/kirche-heilig-geist.de\/wp-content\/uploads\/2021\/08\/IMG_1235-1024x768.jpg\" \/>\n\t<meta property=\"og:image:width\" content=\"1024\" \/>\n\t<meta property=\"og:image:height\" content=\"768\" \/>\n\t<meta property=\"og:image:type\" content=\"image\/jpeg\" \/>\n<meta name=\"twitter:card\" content=\"summary_large_image\" \/>\n<meta name=\"twitter:label1\" content=\"Gesch\u00e4tzte Lesezeit\" \/>\n\t<meta name=\"twitter:data1\" content=\"1\u00a0Minute\" \/>\n<script type=\"application\/ld+json\" class=\"yoast-schema-graph\">{\"@context\":\"https:\\\/\\\/schema.org\",\"@graph\":[{\"@type\":\"WebPage\",\"@id\":\"https:\\\/\\\/kirche-heilig-geist.de\\\/index.php\\\/aktueller-gemeindebrief\\\/\",\"url\":\"https:\\\/\\\/kirche-heilig-geist.de\\\/index.php\\\/aktueller-gemeindebrief\\\/\",\"name\":\"Aktueller Gemeindebrief - Evangelische Heilig Geist Gemeinde Falkensee\",\"isPartOf\":{\"@id\":\"https:\\\/\\\/kirche-heilig-geist.de\\\/#website\"},\"primaryImageOfPage\":{\"@id\":\"https:\\\/\\\/kirche-heilig-geist.de\\\/index.php\\\/aktueller-gemeindebrief\\\/#primaryimage\"},\"image\":{\"@id\":\"https:\\\/\\\/kirche-heilig-geist.de\\\/index.php\\\/aktueller-gemeindebrief\\\/#primaryimage\"},\"thumbnailUrl\":\"https:\\\/\\\/kirche-heilig-geist.de\\\/wp-content\\\/uploads\\\/2021\\\/08\\\/IMG_1235.jpg\",\"datePublished\":\"2021-08-09T10:06:42+00:00\",\"dateModified\":\"2026-01-19T12:16:31+00:00\",\"breadcrumb\":{\"@id\":\"https:\\\/\\\/kirche-heilig-geist.de\\\/index.php\\\/aktueller-gemeindebrief\\\/#breadcrumb\"},\"inLanguage\":\"de\",\"potentialAction\":[{\"@type\":\"ReadAction\",\"target\":[\"https:\\\/\\\/kirche-heilig-geist.de\\\/index.php\\\/aktueller-gemeindebrief\\\/\"]}]},{\"@type\":\"ImageObject\",\"inLanguage\":\"de\",\"@id\":\"https:\\\/\\\/kirche-heilig-geist.de\\\/index.php\\\/aktueller-gemeindebrief\\\/#primaryimage\",\"url\":\"https:\\\/\\\/kirche-heilig-geist.de\\\/wp-content\\\/uploads\\\/2021\\\/08\\\/IMG_1235.jpg\",\"contentUrl\":\"https:\\\/\\\/kirche-heilig-geist.de\\\/wp-content\\\/uploads\\\/2021\\\/08\\\/IMG_1235.jpg\",\"width\":2272,\"height\":1704},{\"@type\":\"BreadcrumbList\",\"@id\":\"https:\\\/\\\/kirche-heilig-geist.de\\\/index.php\\\/aktueller-gemeindebrief\\\/#breadcrumb\",\"itemListElement\":[{\"@type\":\"ListItem\",\"position\":1,\"name\":\"Startseite\",\"item\":\"https:\\\/\\\/kirche-heilig-geist.de\\\/\"},{\"@type\":\"ListItem\",\"position\":2,\"name\":\"Aktueller Gemeindebrief\"}]},{\"@type\":\"WebSite\",\"@id\":\"https:\\\/\\\/kirche-heilig-geist.de\\\/#website\",\"url\":\"https:\\\/\\\/kirche-heilig-geist.de\\\/\",\"name\":\"Evangelische Heilig Geist Gemeinde Falkensee\",\"description\":\"Herzlich Willkommen in einer Kirche des Kirchenkreises Havelland\",\"potentialAction\":[{\"@type\":\"SearchAction\",\"target\":{\"@type\":\"EntryPoint\",\"urlTemplate\":\"https:\\\/\\\/kirche-heilig-geist.de\\\/?s={search_term_string}\"},\"query-input\":{\"@type\":\"PropertyValueSpecification\",\"valueRequired\":true,\"valueName\":\"search_term_string\"}}],\"inLanguage\":\"de\"}]}<\/script>\n<!-- \/ Yoast SEO plugin. -->","yoast_head_json":{"title":"Aktueller Gemeindebrief - Evangelische Heilig Geist Gemeinde Falkensee","robots":{"index":"index","follow":"follow","max-snippet":"max-snippet:-1","max-image-preview":"max-image-preview:large","max-video-preview":"max-video-preview:-1"},"canonical":"https:\/\/kirche-heilig-geist.de\/index.php\/aktueller-gemeindebrief\/","og_locale":"de_DE","og_type":"article","og_title":"Aktueller Gemeindebrief - Evangelische Heilig Geist Gemeinde Falkensee","og_description":"Hier steht der aktuelle Gemeindebrief im PDF Format f\u00fcr Sie bereit.Haben Sie Fragen, wenden Sie sich bitte an das Gemeindeb\u00fcro.&hellip;","og_url":"https:\/\/kirche-heilig-geist.de\/index.php\/aktueller-gemeindebrief\/","og_site_name":"Evangelische Heilig Geist Gemeinde Falkensee","article_modified_time":"2026-01-19T12:16:31+00:00","og_image":[{"width":1024,"height":768,"url":"https:\/\/kirche-heilig-geist.de\/wp-content\/uploads\/2021\/08\/IMG_1235-1024x768.jpg","type":"image\/jpeg"}],"twitter_card":"summary_large_image","twitter_misc":{"Gesch\u00e4tzte Lesezeit":"1\u00a0Minute"},"schema":{"@context":"https:\/\/schema.org","@graph":[{"@type":"WebPage","@id":"https:\/\/kirche-heilig-geist.de\/index.php\/aktueller-gemeindebrief\/","url":"https:\/\/kirche-heilig-geist.de\/index.php\/aktueller-gemeindebrief\/","name":"Aktueller Gemeindebrief - Evangelische Heilig Geist Gemeinde Falkensee","isPartOf":{"@id":"https:\/\/kirche-heilig-geist.de\/#website"},"primaryImageOfPage":{"@id":"https:\/\/kirche-heilig-geist.de\/index.php\/aktueller-gemeindebrief\/#primaryimage"},"image":{"@id":"https:\/\/kirche-heilig-geist.de\/index.php\/aktueller-gemeindebrief\/#primaryimage"},"thumbnailUrl":"https:\/\/kirche-heilig-geist.de\/wp-content\/uploads\/2021\/08\/IMG_1235.jpg","datePublished":"2021-08-09T10:06:42+00:00","dateModified":"2026-01-19T12:16:31+00:00","breadcrumb":{"@id":"https:\/\/kirche-heilig-geist.de\/index.php\/aktueller-gemeindebrief\/#breadcrumb"},"inLanguage":"de","potentialAction":[{"@type":"ReadAction","target":["https:\/\/kirche-heilig-geist.de\/index.php\/aktueller-gemeindebrief\/"]}]},{"@type":"ImageObject","inLanguage":"de","@id":"https:\/\/kirche-heilig-geist.de\/index.php\/aktueller-gemeindebrief\/#primaryimage","url":"https:\/\/kirche-heilig-geist.de\/wp-content\/uploads\/2021\/08\/IMG_1235.jpg","contentUrl":"https:\/\/kirche-heilig-geist.de\/wp-content\/uploads\/2021\/08\/IMG_1235.jpg","width":2272,"height":1704},{"@type":"BreadcrumbList","@id":"https:\/\/kirche-heilig-geist.de\/index.php\/aktueller-gemeindebrief\/#breadcrumb","itemListElement":[{"@type":"ListItem","position":1,"name":"Startseite","item":"https:\/\/kirche-heilig-geist.de\/"},{"@type":"ListItem","position":2,"name":"Aktueller Gemeindebrief"}]},{"@type":"WebSite","@id":"https:\/\/kirche-heilig-geist.de\/#website","url":"https:\/\/kirche-heilig-geist.de\/","name":"Evangelische Heilig Geist Gemeinde Falkensee","description":"Herzlich Willkommen in einer Kirche des Kirchenkreises Havelland","potentialAction":[{"@type":"SearchAction","target":{"@type":"EntryPoint","urlTemplate":"https:\/\/kirche-heilig-geist.de\/?s={search_term_string}"},"query-input":{"@type":"PropertyValueSpecification","valueRequired":true,"valueName":"search_term_string"}}],"inLanguage":"de"}]}},"_links":{"self":[{"href":"https:\/\/kirche-heilig-geist.de\/index.php\/wp-json\/wp\/v2\/pages\/246","targetHints":{"allow":["GET"]}}],"collection":[{"href":"https:\/\/kirche-heilig-geist.de\/index.php\/wp-json\/wp\/v2\/pages"}],"about":[{"href":"https:\/\/kirche-heilig-geist.de\/index.php\/wp-json\/wp\/v2\/types\/page"}],"author":[{"embeddable":true,"href":"https:\/\/kirche-heilig-geist.de\/index.php\/wp-json\/wp\/v2\/users\/1"}],"replies":[{"embeddable":true,"href":"https:\/\/kirche-heilig-geist.de\/index.php\/wp-json\/wp\/v2\/comments?post=246"}],"version-history":[{"count":20,"href":"https:\/\/kirche-heilig-geist.de\/index.php\/wp-json\/wp\/v2\/pages\/246\/revisions"}],"predecessor-version":[{"id":1231,"href":"https:\/\/kirche-heilig-geist.de\/index.php\/wp-json\/wp\/v2\/pages\/246\/revisions\/1231"}],"wp:featuredmedia":[{"embeddable":true,"href":"https:\/\/kirche-heilig-geist.de\/index.php\/wp-json\/wp\/v2\/media\/250"}],"wp:attachment":[{"href":"https:\/\/kirche-heilig-geist.de\/index.php\/wp-json\/wp\/v2\/media?parent=246"}],"curies":[{"name":"wp","href":"https:\/\/api.w.org\/{rel}","templated":true}]}}