{"id":108,"date":"2021-03-18T18:03:08","date_gmt":"2021-03-18T18:03:08","guid":{"rendered":"https:\/\/kirche-heilig-geist.de\/?page_id=108"},"modified":"2024-07-29T07:16:29","modified_gmt":"2024-07-29T07:16:29","slug":"impressum-datenschutz","status":"publish","type":"page","link":"https:\/\/kirche-heilig-geist.de\/index.php\/impressum-datenschutz\/","title":{"rendered":"Impressum\/ Datenschutz"},"content":{"rendered":"\n<p>Impressum und Datenschutz<\/p>\n\n\n\n<p>Angaben gem\u00e4\u00df \u00a7 5 Digitale-Dienste-Gesetzes (DDG):<\/p>\n\n\n\n<p>Evangelische Heilig Geist Kirchengemeinde Falkensee<br>Weberallee 27 <br>14612 Falkensee<\/p>\n\n\n\n<p>Vertreten durch:<br>Pfarrerin Barbara Deml und Gemeindekirchenrat Thomas Dremel<\/p>\n\n\n\n<p>Kontakt: Gemeindeb\u00fcro<\/p>\n\n\n\n<p>Telefon: (03322) 235443<br>Telefax: (03322) 217255<br>E-Mail: heilig-geist-falkensee@t-online.de<\/p>\n\n\n\n<p>Verantwortlich f\u00fcr den Inhalt:<\/p>\n\n\n\n<p>Erstellerteam Gemeindebrief<br>Evangelisches Pfarramt Heilig Geist<br>Weberallee 27 <br>14612 Falkensee<\/p>\n\n\n\n<p>Streitschlichtung<\/p>\n\n\n\n<p>Wir sind nicht bereit oder verpflichtet, an Streitbeilegungsverfahren vor einer<br>Verbraucherschlichtungsstelle teilzunehmen.<\/p>\n\n\n\n<p>Haftung f\u00fcr Inhalte<\/p>\n\n\n\n<p>Als Diensteanbieter sind wir gem\u00e4\u00df \u00a7 7 Abs. 1 DDG f\u00fcr eigene Inhalte auf diesen Seiten nach den allgemeinen Gesetzen verantwortlich. Nach \u00a7\u00a7 8 bis 10 DDG sind wir als Diensteanbieter jedoch nicht verpflichtet, \u00fcbermittelte oder gespeicherte fremde Informationen zu \u00fcberwachen oder nach Umst\u00e4nden zu forschen, die auf eine rechtswidrige T\u00e4tigkeit hinweisen.<br>Verpflichtungen zur Entfernung oder Sperrung der Nutzung von Informationen nach den allgemeinen Gesetzen bleiben hiervon unber\u00fchrt. Eine diesbez\u00fcgliche Haftung ist jedoch erst ab dem Zeitpunkt der Kenntnis einer konkreten Rechtsverletzung m\u00f6glich. Bei Bekanntwerden von entsprechenden Rechtsverletzungen werden wir diese Inhalte umgehend entfernen.<\/p>\n\n\n\n<p>Haftung f\u00fcr Links<\/p>\n\n\n\n<p>Unser Angebot enth\u00e4lt Links zu externen Webseiten Dritter, auf deren Inhalte wir keinen Einfluss haben. Deshalb k\u00f6nnen wir f\u00fcr diese fremden Inhalte auch keine Gew\u00e4hr \u00fcbernehmen. F\u00fcr die Inhalte der verlinkten Seiten ist stets der jeweilige Anbieter oder Betreiber der Seiten verantwortlich. Die verlinkten Seiten wurden zum Zeitpunkt der Verlinkung auf m\u00f6gliche Rechtsverst\u00f6\u00dfe \u00fcberpr\u00fcft. Rechtswidrige<br>Inhalte waren zum Zeitpunkt der Verlinkung nicht erkennbar.<br>Eine permanente inhaltliche Kontrolle der verlinkten Seiten ist jedoch ohne konkrete Anhaltspunkte einer Rechtsverletzung nicht zumutbar. Bei Bekanntwerden von Rechtsverletzungen werden wir derartige Links umgehend entfernen.<\/p>\n\n\n\n<p>Urheberrecht<\/p>\n\n\n\n<p>Die durch die Seitenbetreiber erstellten Inhalte und Werke auf diesen Seiten unterliegen dem deutschen Urheberrecht. Die Vervielf\u00e4ltigung, Bearbeitung, Verbreitung und jede Art der Verwertung au\u00dferhalb der Grenzen des Urheberrechtes bed\u00fcrfen der schriftlichen Zustimmung des jeweiligen Autors bzw.<br>Erstellers. Downloads und Kopien dieser Seite sind nur f\u00fcr den privaten, nicht kommerziellen Gebrauch gestattet.<br>Soweit die Inhalte auf dieser Seite nicht vom Betreiber erstellt wurden, werden die Urheberrechte Dritter beachtet. Insbesondere werden Inhalte Dritter als solche gekennzeichnet. Sollten Sie trotzdem auf eine Urheberrechtsverletzung aufmerksam werden, bitten wir um einen entsprechenden Hinweis. Bei Bekanntwerden von Rechtsverletzungen werden wir derartige Inhalte umgehend entfernen.<\/p>\n\n\n\n<p>Quelle: u.a. Internetangebot von <a href=\"http:\/\/www.e-recht24.de\/impressum-generator.html\">www.e-recht24.de\/impressum-generator.html<\/a><\/p>\n\n\n\n<h1 class=\"wp-block-heading\">Datenschutzerkl\u00e4rung<br>der Ev.Kirchengemeinde Heilig Geist<br>gem\u00e4\u00df<br>der Evangelischen Kirche in Deutschland<\/h1>\n\n\n\n<p>Die Evangelische Kirche in Deutschland nimmt den Schutz Ihrer personenbezogenen Daten sehr ernst. Sie haben das Recht zu wissen, wann wir welche Daten erheben und wie wir sie verwenden. Wir haben technische und organisatorische Ma\u00dfnahmen getroffen, die sicherstellen, dass die Vorschriften \u00fcber den Datenschutz (z.B. <a href=\"https:\/\/www.kirchenrecht-ekd.de\/document\/39740#s47000043\">Kirchengesetz \u00fcber den Datenschutz der Evangelischen Kirche in Deutschland [DSG-EKD]<\/a>) sowohl von uns als auch von unserem externen Dienstleister beachtet werden.<br>Die Nutzung unserer Webseite ist ohne Eingabe personenbezogener Daten m\u00f6glich.<\/p>\n\n\n\n<h4 class=\"wp-block-heading\">Cookies<a href=\"https:\/\/www.kirchenrecht-ekd.de\/document\/datenschutz#s00000022\"><\/a><\/h4>\n\n\n\n<p>F\u00fcr die Nutzung der Funktionen der Webseite ist es derzeit aus technischen Gr\u00fcnden erforderlich, ein Cookie einzusetzen, das f\u00fcr die Zeit Ihres Besuchs auf der Webseite g\u00fcltig ist. Bei diesen Session Cookies handelt es sich um kleine Textdateien, die lokal im Zwischenspeicher Ihres Webbrowsers gespeichert werden. Die Session Cookies beinhalten keine personenbezogenen Daten und sind so eingestellt, dass Sie nach der Beendigung einer Webbrowser-Sitzung verfallen. Wenn Sie Cookies ausschalten, stehen die Funktionen des Fachinformationssystems Kirchenrecht nicht zur Verf\u00fcgung. Sie k\u00f6nnen selbst entscheiden, ob dieser Cookie permanent gespeichert oder nach jeder Session gel\u00f6scht wird. Die meisten Webbrowser sind so eingestellt, dass sie Cookies automatisch akzeptieren. Sie k\u00f6nnen Ihren Webbrowser so einstellen, dass er Sie \u00fcber die Platzierung von Cookies informiert. So wird der Gebrauch von Cookies f\u00fcr Sie transparent.<\/p>\n\n\n\n<h4 class=\"wp-block-heading\">Analysedaten<a href=\"https:\/\/www.kirchenrecht-ekd.de\/document\/datenschutz#s00000023\"><\/a><\/h4>\n\n\n\n<p>F\u00fcr statistische Zwecke und zur Verbesserung des Angebots werden nur Daten ohne Personenbezug ausgewertet. Die IP-Adresse wird nicht ben\u00f6tigt. Es k\u00f6nnen keine Nutzerprofile erstellt werden. Ausgewertet werden Informationen des von Ihnen verwendeten Webbrowsers [User Agent], zum Beispiel Art des Webbrowsers, Version, Sprache, Betriebssystem der Hardware, aufgerufene Seiten, Suchen.<\/p>\n\n\n\n<h4 class=\"wp-block-heading\">Protokolldaten<a href=\"https:\/\/www.kirchenrecht-ekd.de\/document\/datenschutz#s00000024\"><\/a><\/h4>\n\n\n\n<p>Es werden von Ihnen folgende Daten \u00fcber den Zugriff auf unsere Webseite gespeichert und verarbeitet:<\/p>\n\n\n\n<ul class=\"wp-block-list\">\n<li>IP-Adresse des anfordernden Rechners (die letzten beiden Oktette der IP-Adresse sind unkenntlich gemacht),<\/li>\n\n\n\n<li>Datum und Uhrzeit der Anforderung,<\/li>\n\n\n\n<li>vom anfordernden Rechner gew\u00fcnschte Zugriffsmethode\/Funktion, vom anfordernden Rechner \u00fcbermittelte Eingabewerte (z.B. Formulareintr\u00e4ge),<\/li>\n\n\n\n<li>Zugriffsstatus des Web-Servers (Datei \u00fcbertragen, Datei nicht gefunden, Kommando nicht ausgef\u00fchrt &#8230;),<\/li>\n\n\n\n<li>Name der angeforderten Datei (URL) sowie gegebenenfalls Netzwerkpfade, von dem aus die Datei angefordert beziehungsweise die gew\u00fcnschte Funktion veranlasst wurde (Referrer).<\/li>\n<\/ul>\n\n\n\n<p>Eine Rekonstruktion der IP-Adresse ist nicht m\u00f6glich, sodass keine R\u00fcckschl\u00fcsse \u00fcber Ihren Webseitenbesuch m\u00f6glich sind.<\/p>\n\n\n\n<h4 class=\"wp-block-heading\">E-Mail-Kommunikation <a href=\"https:\/\/www.kirchenrecht-ekd.de\/document\/datenschutz#s00000025\"><\/a><\/h4>\n\n\n\n<p>Die Evangelische Kirche in Deutschland verwendet zurzeit keine elektronische Verschl\u00fcsselung und keine elektronischen Signaturen. Wir weisen darauf hin, dass unverschl\u00fcsselte E-Mails \u00fcber das Internet unter Umst\u00e4nden auch von Unbefugten gelesen werden k\u00f6nnen. Vertrauliche Mitteilungen oder Dokumente, die eine \u201ebesondere Schriftform\u201c erfordern und\/oder fristgebunden sind, sollten deshalb nicht per E-Mail \u00fcbermittelt werden. Bitte \u00fcbermitteln Sie diese Dokumente per Post oder Telefax. Wenn Sie uns eine E-Mail senden, so wird Ihre E-Mail-Adresse nur f\u00fcr die Korrespondenz mit Ihnen verwendet.<br>F\u00fcr den Kontakt mit unserer Gemeinde, nutzen Sie bitte die angegebenen Mailadressen.<\/p>\n\n\n\n<h4 class=\"wp-block-heading\">Datenschutzkontrolle<\/h4>\n\n\n\n<p>Als erstes wenden Sie sich an unser Gemeindeb\u00fcro, wir helfen Ihnen mit Ihrer Anfrage gerne weiter. \u00dcbergeordnete Stellen:<br><br>Bei Fragen zur ordnungsgem\u00e4\u00dfen Anwendung wenden Sie sich an: Evangelische Kirche in Deutschland<br>Landeskirchenamt \u00d6rtlich Beauftragter f\u00fcr den Datenschutz: Stephan Liebchen Herrenh\u00e4user Stra\u00dfe 12, 30419 Hannover Telefon: +49 (0)511 27 96 &#8211; 260 E-Mail: stephan.liebchen@.ekd.de<br>F\u00fcr die Datenschutzkontrolle ist zust\u00e4ndig: Der Beauftragte f\u00fcr den Datenschutz<br>der Evangelischen Kirche in Deutschland B\u00f6ttcherstra\u00dfe 7, 30419 Hannover Telefon: +49 (0)511 76 81 28 &#8211; 0 Fax: +49 (0)511 76 81 28 &#8211; 20 E-Mail: info@datenschutz.ekd.de<\/p>\n\n\n\n<hr class=\"wp-block-separator has-css-opacity\"\/>\n\n\n\n<p>Quelle: https:\/\/www.kirchenrecht-ekd.de\/document\/datenschutz<\/p>\n","protected":false},"excerpt":{"rendered":"<p>Impressum und Datenschutz Angaben gem\u00e4\u00df \u00a7 5 Digitale-Dienste-Gesetzes (DDG): Evangelische Heilig Geist Kirchengemeinde FalkenseeWeberallee 27 14612 Falkensee Vertreten durch:Pfarrerin Barbara&hellip;<\/p>\n","protected":false},"author":1,"featured_media":0,"parent":0,"menu_order":0,"comment_status":"closed","ping_status":"closed","template":"","meta":{"footnotes":""},"class_list":["post-108","page","type-page","status-publish","hentry"],"yoast_head":"<!-- This site is optimized with the Yoast SEO plugin v27.5 - https:\/\/yoast.com\/product\/yoast-seo-wordpress\/ -->\n<title>Impressum\/ Datenschutz - Evangelische Heilig Geist Gemeinde Falkensee<\/title>\n<meta name=\"robots\" content=\"index, follow, max-snippet:-1, max-image-preview:large, max-video-preview:-1\" \/>\n<link rel=\"canonical\" href=\"https:\/\/kirche-heilig-geist.de\/index.php\/impressum-datenschutz\/\" \/>\n<meta property=\"og:locale\" content=\"de_DE\" \/>\n<meta property=\"og:type\" content=\"article\" \/>\n<meta property=\"og:title\" content=\"Impressum\/ Datenschutz - Evangelische Heilig Geist Gemeinde Falkensee\" \/>\n<meta property=\"og:description\" content=\"Impressum und Datenschutz Angaben gem\u00e4\u00df \u00a7 5 Digitale-Dienste-Gesetzes (DDG): Evangelische Heilig Geist Kirchengemeinde FalkenseeWeberallee 27 14612 Falkensee Vertreten durch:Pfarrerin Barbara&hellip;\" \/>\n<meta property=\"og:url\" content=\"https:\/\/kirche-heilig-geist.de\/index.php\/impressum-datenschutz\/\" \/>\n<meta property=\"og:site_name\" content=\"Evangelische Heilig Geist Gemeinde Falkensee\" \/>\n<meta property=\"article:modified_time\" content=\"2024-07-29T07:16:29+00:00\" \/>\n<meta name=\"twitter:card\" content=\"summary_large_image\" \/>\n<meta name=\"twitter:label1\" content=\"Gesch\u00e4tzte Lesezeit\" \/>\n\t<meta name=\"twitter:data1\" content=\"6\u00a0Minuten\" \/>\n<script type=\"application\/ld+json\" class=\"yoast-schema-graph\">{\"@context\":\"https:\\\/\\\/schema.org\",\"@graph\":[{\"@type\":\"WebPage\",\"@id\":\"https:\\\/\\\/kirche-heilig-geist.de\\\/index.php\\\/impressum-datenschutz\\\/\",\"url\":\"https:\\\/\\\/kirche-heilig-geist.de\\\/index.php\\\/impressum-datenschutz\\\/\",\"name\":\"Impressum\\\/ Datenschutz - Evangelische Heilig Geist Gemeinde Falkensee\",\"isPartOf\":{\"@id\":\"https:\\\/\\\/kirche-heilig-geist.de\\\/#website\"},\"datePublished\":\"2021-03-18T18:03:08+00:00\",\"dateModified\":\"2024-07-29T07:16:29+00:00\",\"breadcrumb\":{\"@id\":\"https:\\\/\\\/kirche-heilig-geist.de\\\/index.php\\\/impressum-datenschutz\\\/#breadcrumb\"},\"inLanguage\":\"de\",\"potentialAction\":[{\"@type\":\"ReadAction\",\"target\":[\"https:\\\/\\\/kirche-heilig-geist.de\\\/index.php\\\/impressum-datenschutz\\\/\"]}]},{\"@type\":\"BreadcrumbList\",\"@id\":\"https:\\\/\\\/kirche-heilig-geist.de\\\/index.php\\\/impressum-datenschutz\\\/#breadcrumb\",\"itemListElement\":[{\"@type\":\"ListItem\",\"position\":1,\"name\":\"Startseite\",\"item\":\"https:\\\/\\\/kirche-heilig-geist.de\\\/\"},{\"@type\":\"ListItem\",\"position\":2,\"name\":\"Impressum\\\/ Datenschutz\"}]},{\"@type\":\"WebSite\",\"@id\":\"https:\\\/\\\/kirche-heilig-geist.de\\\/#website\",\"url\":\"https:\\\/\\\/kirche-heilig-geist.de\\\/\",\"name\":\"Evangelische Heilig Geist Gemeinde Falkensee\",\"description\":\"Herzlich Willkommen in einer Kirche des Kirchenkreises Havelland\",\"potentialAction\":[{\"@type\":\"SearchAction\",\"target\":{\"@type\":\"EntryPoint\",\"urlTemplate\":\"https:\\\/\\\/kirche-heilig-geist.de\\\/?s={search_term_string}\"},\"query-input\":{\"@type\":\"PropertyValueSpecification\",\"valueRequired\":true,\"valueName\":\"search_term_string\"}}],\"inLanguage\":\"de\"}]}<\/script>\n<!-- \/ Yoast SEO plugin. -->","yoast_head_json":{"title":"Impressum\/ Datenschutz - Evangelische Heilig Geist Gemeinde Falkensee","robots":{"index":"index","follow":"follow","max-snippet":"max-snippet:-1","max-image-preview":"max-image-preview:large","max-video-preview":"max-video-preview:-1"},"canonical":"https:\/\/kirche-heilig-geist.de\/index.php\/impressum-datenschutz\/","og_locale":"de_DE","og_type":"article","og_title":"Impressum\/ Datenschutz - Evangelische Heilig Geist Gemeinde Falkensee","og_description":"Impressum und Datenschutz Angaben gem\u00e4\u00df \u00a7 5 Digitale-Dienste-Gesetzes (DDG): Evangelische Heilig Geist Kirchengemeinde FalkenseeWeberallee 27 14612 Falkensee Vertreten durch:Pfarrerin Barbara&hellip;","og_url":"https:\/\/kirche-heilig-geist.de\/index.php\/impressum-datenschutz\/","og_site_name":"Evangelische Heilig Geist Gemeinde Falkensee","article_modified_time":"2024-07-29T07:16:29+00:00","twitter_card":"summary_large_image","twitter_misc":{"Gesch\u00e4tzte Lesezeit":"6\u00a0Minuten"},"schema":{"@context":"https:\/\/schema.org","@graph":[{"@type":"WebPage","@id":"https:\/\/kirche-heilig-geist.de\/index.php\/impressum-datenschutz\/","url":"https:\/\/kirche-heilig-geist.de\/index.php\/impressum-datenschutz\/","name":"Impressum\/ Datenschutz - Evangelische Heilig Geist Gemeinde Falkensee","isPartOf":{"@id":"https:\/\/kirche-heilig-geist.de\/#website"},"datePublished":"2021-03-18T18:03:08+00:00","dateModified":"2024-07-29T07:16:29+00:00","breadcrumb":{"@id":"https:\/\/kirche-heilig-geist.de\/index.php\/impressum-datenschutz\/#breadcrumb"},"inLanguage":"de","potentialAction":[{"@type":"ReadAction","target":["https:\/\/kirche-heilig-geist.de\/index.php\/impressum-datenschutz\/"]}]},{"@type":"BreadcrumbList","@id":"https:\/\/kirche-heilig-geist.de\/index.php\/impressum-datenschutz\/#breadcrumb","itemListElement":[{"@type":"ListItem","position":1,"name":"Startseite","item":"https:\/\/kirche-heilig-geist.de\/"},{"@type":"ListItem","position":2,"name":"Impressum\/ Datenschutz"}]},{"@type":"WebSite","@id":"https:\/\/kirche-heilig-geist.de\/#website","url":"https:\/\/kirche-heilig-geist.de\/","name":"Evangelische Heilig Geist Gemeinde Falkensee","description":"Herzlich Willkommen in einer Kirche des Kirchenkreises Havelland","potentialAction":[{"@type":"SearchAction","target":{"@type":"EntryPoint","urlTemplate":"https:\/\/kirche-heilig-geist.de\/?s={search_term_string}"},"query-input":{"@type":"PropertyValueSpecification","valueRequired":true,"valueName":"search_term_string"}}],"inLanguage":"de"}]}},"_links":{"self":[{"href":"https:\/\/kirche-heilig-geist.de\/index.php\/wp-json\/wp\/v2\/pages\/108","targetHints":{"allow":["GET"]}}],"collection":[{"href":"https:\/\/kirche-heilig-geist.de\/index.php\/wp-json\/wp\/v2\/pages"}],"about":[{"href":"https:\/\/kirche-heilig-geist.de\/index.php\/wp-json\/wp\/v2\/types\/page"}],"author":[{"embeddable":true,"href":"https:\/\/kirche-heilig-geist.de\/index.php\/wp-json\/wp\/v2\/users\/1"}],"replies":[{"embeddable":true,"href":"https:\/\/kirche-heilig-geist.de\/index.php\/wp-json\/wp\/v2\/comments?post=108"}],"version-history":[{"count":7,"href":"https:\/\/kirche-heilig-geist.de\/index.php\/wp-json\/wp\/v2\/pages\/108\/revisions"}],"predecessor-version":[{"id":900,"href":"https:\/\/kirche-heilig-geist.de\/index.php\/wp-json\/wp\/v2\/pages\/108\/revisions\/900"}],"wp:attachment":[{"href":"https:\/\/kirche-heilig-geist.de\/index.php\/wp-json\/wp\/v2\/media?parent=108"}],"curies":[{"name":"wp","href":"https:\/\/api.w.org\/{rel}","templated":true}]}}